{"id":235,"date":"2020-05-13T12:08:33","date_gmt":"2020-05-13T15:08:33","guid":{"rendered":"https:\/\/www.fagmed.com.br\/loja\/?post_type=product&#038;p=235"},"modified":"2025-08-21T09:26:56","modified_gmt":"2025-08-21T12:26:56","slug":"gelificador-para-bolsas-de-estomia","status":"publish","type":"product","link":"https:\/\/www.fagmed.com.br\/loja\/?product=gelificador-para-bolsas-de-estomia","title":{"rendered":"Gelificador Para Bolsas de Estomia Frasco com 100 C\u00e1psulas REF. G100"},"content":{"rendered":"<p>Cadastro ANVISA: <strong>80074789001<\/strong><\/p>\n<table border=\"1\" width=\"100%\" cellspacing=\"0\" cellpadding=\"0\">\n<tbody>\n<tr>\n<td width=\"91\">GELIFICADOR<\/td>\n<td width=\"263\">GELIFICADOR VUELO<\/td>\n<td width=\"74\">&#8211;<\/td>\n<td width=\"129\">Frasco com 100 Capsulas<\/td>\n<\/tr>\n<\/tbody>\n<\/table>\n<p>O Gelificador para bolsas de estomia VUELO \u00e9 constitu\u00eddo de gr\u00e2nulos de pol\u00edmero acr\u00edlico, com grande capacidade de absor\u00e7\u00e3o, que permite a gelifica\u00e7\u00e3o do l\u00edquido existente no interior da bolsa, diminuindo o odor, ru\u00eddos ou poss\u00edveis vazamentos e melhorando a qualidade de vida de ostomizados. Quando em contato com l\u00edquido apresenta colora\u00e7\u00e3o. Possui fragr\u00e2ncia agrad\u00e1vel de \u00f3leo essencial de lavanda.<\/p>\n<p><strong>INDICA\u00c7\u00d5ES DE USO:<br \/>\n<\/strong>Gelificar urina e fezes l\u00edquidas no interior de qualquer modelo de bolsa de estomia.<\/p>\n<p><strong>INSTRU\u00c7\u00d5ES DE USO:<br \/>\n<\/strong>Ap\u00f3s o esvaziamento, a limpeza ou a troca da bolsa de estomia, insira uma ou mais c\u00e1psulas do Gelificador VUELO no interior da bolsa. Ap\u00f3s o rompimento da c\u00e1psula e em contato com os flu\u00eddos corp\u00f3reos, o l\u00edquido no interior da bolsa se transformar\u00e1 em gel. Uma c\u00e1psula \u00e9 suficiente para gelificar at\u00e9 100 ml de l\u00edquido.<\/p>\n","protected":false},"excerpt":{"rendered":"<p>Cadastro ANVISA: 80074789001 GELIFICADOR GELIFICADOR VUELO &#8211; Frasco com 100 Capsulas O Gelificador para bolsas de estomia VUELO \u00e9 constitu\u00eddo de gr\u00e2nulos de pol\u00edmero acr\u00edlico, com grande capacidade de absor\u00e7\u00e3o, que permite a gelifica\u00e7\u00e3o do l\u00edquido existente no interior da bolsa, diminuindo o odor, ru\u00eddos ou poss\u00edveis vazamentos e melhorando a qualidade de vida de [&hellip;]<\/p>\n","protected":false},"featured_media":236,"template":"","meta":[],"product_cat":[25],"product_tag":[],"class_list":{"0":"post-235","1":"product","2":"type-product","3":"status-publish","4":"has-post-thumbnail","6":"product_cat-adjuvantes","8":"first","9":"instock","10":"sale","11":"taxable","12":"shipping-taxable","13":"purchasable","14":"product-type-simple"},"_links":{"self":[{"href":"https:\/\/www.fagmed.com.br\/loja\/index.php?rest_route=\/wp\/v2\/product\/235","targetHints":{"allow":["GET"]}}],"collection":[{"href":"https:\/\/www.fagmed.com.br\/loja\/index.php?rest_route=\/wp\/v2\/product"}],"about":[{"href":"https:\/\/www.fagmed.com.br\/loja\/index.php?rest_route=\/wp\/v2\/types\/product"}],"wp:featuredmedia":[{"embeddable":true,"href":"https:\/\/www.fagmed.com.br\/loja\/index.php?rest_route=\/wp\/v2\/media\/236"}],"wp:attachment":[{"href":"https:\/\/www.fagmed.com.br\/loja\/index.php?rest_route=%2Fwp%2Fv2%2Fmedia&parent=235"}],"wp:term":[{"taxonomy":"product_cat","embeddable":true,"href":"https:\/\/www.fagmed.com.br\/loja\/index.php?rest_route=%2Fwp%2Fv2%2Fproduct_cat&post=235"},{"taxonomy":"product_tag","embeddable":true,"href":"https:\/\/www.fagmed.com.br\/loja\/index.php?rest_route=%2Fwp%2Fv2%2Fproduct_tag&post=235"}],"curies":[{"name":"wp","href":"https:\/\/api.w.org\/{rel}","templated":true}]}}