{"id":332,"date":"2020-05-15T20:59:20","date_gmt":"2020-05-15T23:59:20","guid":{"rendered":"https:\/\/www.fagmed.com.br\/loja\/?post_type=product&#038;p=332"},"modified":"2025-02-08T09:13:58","modified_gmt":"2025-02-08T12:13:58","slug":"adaptic-touch-compressa-nao-aderente-de-silicone-127x15cm","status":"publish","type":"product","link":"https:\/\/www.fagmed.com.br\/loja\/?product=adaptic-touch-compressa-nao-aderente-de-silicone-127x15cm","title":{"rendered":"ADAPTIC\u00ae TOUCH &#8211; COMPRESSA N\u00c3O ADERENTE DE SILICONE 12,7x15cm caixa com 10 unidades REF. TCH503"},"content":{"rendered":"<table border=\"1\" width=\"100%\" cellspacing=\"0\" cellpadding=\"0\">\n<tbody>\n<tr>\n<td valign=\"top\">\n<p align=\"center\">TCH503<\/p>\n<\/td>\n<td>\n<p align=\"center\">ADAPTIC TOUCH<\/p>\n<\/td>\n<td>\n<p align=\"center\">12,7X15CM<\/p>\n<\/td>\n<td>\n<p align=\"center\">CX C\/ 10 UN.<\/p>\n<\/td>\n<\/tr>\n<\/tbody>\n<\/table>\n<p>ADAPTIC TOUCH<sup>\u2122<\/sup> \u00e9 uma cobertura prim\u00e1ria n\u00e3o aderente composta por uma malha<br \/>\nporosa e flex\u00edvel de silicone desenhada para otimizar o controle do exsudato e minimizar<br \/>\na dor durante sua remo\u00e7\u00e3o.<\/p>\n","protected":false},"excerpt":{"rendered":"<p>TCH503 ADAPTIC TOUCH 12,7X15CM CX C\/ 10 UN. ADAPTIC TOUCH\u2122 \u00e9 uma cobertura prim\u00e1ria n\u00e3o aderente composta por uma malha porosa e flex\u00edvel de silicone desenhada para otimizar o controle do exsudato e minimizar a dor durante sua remo\u00e7\u00e3o.<\/p>\n","protected":false},"featured_media":333,"template":"","meta":[],"product_cat":[28],"product_tag":[],"class_list":{"0":"post-332","1":"product","2":"type-product","3":"status-publish","4":"has-post-thumbnail","6":"product_cat-curativos-especiais","8":"first","9":"instock","10":"taxable","11":"shipping-taxable","12":"purchasable","13":"product-type-simple"},"_links":{"self":[{"href":"https:\/\/www.fagmed.com.br\/loja\/index.php?rest_route=\/wp\/v2\/product\/332","targetHints":{"allow":["GET"]}}],"collection":[{"href":"https:\/\/www.fagmed.com.br\/loja\/index.php?rest_route=\/wp\/v2\/product"}],"about":[{"href":"https:\/\/www.fagmed.com.br\/loja\/index.php?rest_route=\/wp\/v2\/types\/product"}],"wp:featuredmedia":[{"embeddable":true,"href":"https:\/\/www.fagmed.com.br\/loja\/index.php?rest_route=\/wp\/v2\/media\/333"}],"wp:attachment":[{"href":"https:\/\/www.fagmed.com.br\/loja\/index.php?rest_route=%2Fwp%2Fv2%2Fmedia&parent=332"}],"wp:term":[{"taxonomy":"product_cat","embeddable":true,"href":"https:\/\/www.fagmed.com.br\/loja\/index.php?rest_route=%2Fwp%2Fv2%2Fproduct_cat&post=332"},{"taxonomy":"product_tag","embeddable":true,"href":"https:\/\/www.fagmed.com.br\/loja\/index.php?rest_route=%2Fwp%2Fv2%2Fproduct_tag&post=332"}],"curies":[{"name":"wp","href":"https:\/\/api.w.org\/{rel}","templated":true}]}}