{"id":340,"date":"2020-05-15T21:10:16","date_gmt":"2020-05-16T00:10:16","guid":{"rendered":"https:\/\/www.fagmed.com.br\/loja\/?post_type=product&#038;p=340"},"modified":"2024-02-15T09:57:44","modified_gmt":"2024-02-15T12:57:44","slug":"nu-gel-hidrogel-15g","status":"publish","type":"product","link":"https:\/\/www.fagmed.com.br\/loja\/?product=nu-gel-hidrogel-15g","title":{"rendered":"NU-GEL\u00ae Hidrogel 15g caixa com 10 unidades REF. MNG415"},"content":{"rendered":"<p>&nbsp;<\/p>\n<table width=\"100%\">\n<tbody>\n<tr>\n<td width=\"16%\">MNG415<\/td>\n<td width=\"45%\">NU-GEL HIDROGEL COM ALGINATO<\/td>\n<td width=\"11%\">15 g<\/td>\n<td width=\"26%\">CX C\/ 10 bisnagas.<\/td>\n<\/tr>\n<\/tbody>\n<\/table>\n<p>O Hidrogel NU-GEL\u2122 com alginato de s\u00f3dio reidrata suave e eficazmente as feridas necrosadas, e com crosta tecido fibrinoso, fornecendo simultaneamente o ambiente h\u00famido favor\u00e1vel \u00e0 cicatriza\u00e7\u00e3o da ferida.<\/p>\n","protected":false},"excerpt":{"rendered":"<p>&nbsp; MNG415 NU-GEL HIDROGEL COM ALGINATO 15 g CX C\/ 10 bisnagas. O Hidrogel NU-GEL\u2122 com alginato de s\u00f3dio reidrata suave e eficazmente as feridas necrosadas, e com crosta tecido fibrinoso, fornecendo simultaneamente o ambiente h\u00famido favor\u00e1vel \u00e0 cicatriza\u00e7\u00e3o da ferida.<\/p>\n","protected":false},"featured_media":341,"template":"","meta":[],"product_cat":[28],"product_tag":[],"class_list":{"0":"post-340","1":"product","2":"type-product","3":"status-publish","4":"has-post-thumbnail","6":"product_cat-curativos-especiais","8":"first","9":"instock","10":"taxable","11":"shipping-taxable","12":"purchasable","13":"product-type-simple"},"_links":{"self":[{"href":"https:\/\/www.fagmed.com.br\/loja\/index.php?rest_route=\/wp\/v2\/product\/340","targetHints":{"allow":["GET"]}}],"collection":[{"href":"https:\/\/www.fagmed.com.br\/loja\/index.php?rest_route=\/wp\/v2\/product"}],"about":[{"href":"https:\/\/www.fagmed.com.br\/loja\/index.php?rest_route=\/wp\/v2\/types\/product"}],"wp:featuredmedia":[{"embeddable":true,"href":"https:\/\/www.fagmed.com.br\/loja\/index.php?rest_route=\/wp\/v2\/media\/341"}],"wp:attachment":[{"href":"https:\/\/www.fagmed.com.br\/loja\/index.php?rest_route=%2Fwp%2Fv2%2Fmedia&parent=340"}],"wp:term":[{"taxonomy":"product_cat","embeddable":true,"href":"https:\/\/www.fagmed.com.br\/loja\/index.php?rest_route=%2Fwp%2Fv2%2Fproduct_cat&post=340"},{"taxonomy":"product_tag","embeddable":true,"href":"https:\/\/www.fagmed.com.br\/loja\/index.php?rest_route=%2Fwp%2Fv2%2Fproduct_tag&post=340"}],"curies":[{"name":"wp","href":"https:\/\/api.w.org\/{rel}","templated":true}]}}