{"id":346,"date":"2020-05-15T21:17:44","date_gmt":"2020-05-16T00:17:44","guid":{"rendered":"https:\/\/www.fagmed.com.br\/loja\/?post_type=product&#038;p=346"},"modified":"2020-05-22T16:25:21","modified_gmt":"2020-05-22T19:25:21","slug":"silvercel-non-adherent-hidroalginato-com-prata-11x11cm","status":"publish","type":"product","link":"https:\/\/www.fagmed.com.br\/loja\/?product=silvercel-non-adherent-hidroalginato-com-prata-11x11cm","title":{"rendered":"SILVERCEL\u00ae NON-ADHERENT Hidroalginato com Prata 11x11cm caixa com 10 unidades REF. CAD7011"},"content":{"rendered":"<table border=\"1\" width=\"100%\" cellspacing=\"0\" cellpadding=\"0\">\n<tbody>\n<tr>\n<td valign=\"top\">\n<p align=\"center\">CAD7011<\/p>\n<\/td>\n<td>\n<p align=\"center\">SILVERCEL N\u00c3O ADERENTE<\/p>\n<\/td>\n<td>\n<p align=\"center\">11X11 cm<\/p>\n<\/td>\n<td>\n<p align=\"center\">CX C\/ 10 UN.<\/p>\n<\/td>\n<\/tr>\n<\/tbody>\n<\/table>\n<p>\u00c9 a pr\u00f3xima gera\u00e7\u00e3o de coberturas Antimicrobianas com Prata, com a caracter\u00edstica \u00fanica de ter uma camada n\u00e3o aderente para maximizar a prote\u00e7\u00e3o do leito da ferida, principalmente durante a troca do curativo.<\/p>\n<p>Ajudando a manter seus pacientes contentes durante as trocas de curativos. A sua composi\u00e7\u00e3o \u00fanica, uma mistura de alginato, carboximetilcelulose e de fibras de nylon revestidas de prata met\u00e1lica, controla eficazmente o exsudato em feridas infectadas ou fortemente colonizadas. Enquanto a camada do filme de precis\u00e3o EasyLIFT\u2122 mant\u00e9m a cobertura simples e conveniente de usar, minimizando a dor e o trauma durante a troca de curativos.<\/p>\n","protected":false},"excerpt":{"rendered":"<p>CAD7011 SILVERCEL N\u00c3O ADERENTE 11X11 cm CX C\/ 10 UN. \u00c9 a pr\u00f3xima gera\u00e7\u00e3o de coberturas Antimicrobianas com Prata, com a caracter\u00edstica \u00fanica de ter uma camada n\u00e3o aderente para maximizar a prote\u00e7\u00e3o do leito da ferida, principalmente durante a troca do curativo. Ajudando a manter seus pacientes contentes durante as trocas de curativos. A [&hellip;]<\/p>\n","protected":false},"featured_media":347,"template":"","meta":[],"product_cat":[28],"product_tag":[],"class_list":{"0":"post-346","1":"product","2":"type-product","3":"status-publish","4":"has-post-thumbnail","6":"product_cat-curativos-especiais","8":"first","9":"instock","10":"taxable","11":"shipping-taxable","12":"purchasable","13":"product-type-simple"},"_links":{"self":[{"href":"https:\/\/www.fagmed.com.br\/loja\/index.php?rest_route=\/wp\/v2\/product\/346","targetHints":{"allow":["GET"]}}],"collection":[{"href":"https:\/\/www.fagmed.com.br\/loja\/index.php?rest_route=\/wp\/v2\/product"}],"about":[{"href":"https:\/\/www.fagmed.com.br\/loja\/index.php?rest_route=\/wp\/v2\/types\/product"}],"wp:featuredmedia":[{"embeddable":true,"href":"https:\/\/www.fagmed.com.br\/loja\/index.php?rest_route=\/wp\/v2\/media\/347"}],"wp:attachment":[{"href":"https:\/\/www.fagmed.com.br\/loja\/index.php?rest_route=%2Fwp%2Fv2%2Fmedia&parent=346"}],"wp:term":[{"taxonomy":"product_cat","embeddable":true,"href":"https:\/\/www.fagmed.com.br\/loja\/index.php?rest_route=%2Fwp%2Fv2%2Fproduct_cat&post=346"},{"taxonomy":"product_tag","embeddable":true,"href":"https:\/\/www.fagmed.com.br\/loja\/index.php?rest_route=%2Fwp%2Fv2%2Fproduct_tag&post=346"}],"curies":[{"name":"wp","href":"https:\/\/api.w.org\/{rel}","templated":true}]}}