{"id":352,"date":"2020-05-15T21:27:18","date_gmt":"2020-05-16T00:27:18","guid":{"rendered":"https:\/\/www.fagmed.com.br\/loja\/?post_type=product&#038;p=352"},"modified":"2020-05-22T16:24:53","modified_gmt":"2020-05-22T19:24:53","slug":"silvercel-hidroalginato-com-prata-10x20cm","status":"publish","type":"product","link":"https:\/\/www.fagmed.com.br\/loja\/?product=silvercel-hidroalginato-com-prata-10x20cm","title":{"rendered":"SILVERCEL\u00ae Hidroalginato com Prata 10x20cm caixa com 05 unidades REF. CAD020"},"content":{"rendered":"<p>&nbsp;<\/p>\n<table border=\"1\" width=\"100%\" cellspacing=\"0\" cellpadding=\"0\">\n<tbody>\n<tr>\n<td valign=\"top\">\n<p align=\"center\">CAD020<\/p>\n<\/td>\n<td>\n<p align=\"center\">SILVERCEL ANTIMCR ALG<\/p>\n<\/td>\n<td>\n<p align=\"center\">10X20 cm<\/p>\n<\/td>\n<td>\n<p align=\"center\">CX C\/ 05 UN.<\/p>\n<\/td>\n<\/tr>\n<\/tbody>\n<\/table>\n<p>Compressa esteril, n\u00e3o-tecido, composta de alginato de alta resist\u00eancia, carboximetilcelulose (cmc) e fibras de nylon revestidas de prata.<br \/>\nCont\u00e9m prata elementer ( 8%) como formula de libera\u00e7\u00e3o continua. Os curativos SILVERCEL\u2122 t\u00eam uma constitui\u00e7\u00e3o \u00fanica que cria um ambiente h\u00famido ideal para a cicatriza\u00e7\u00e3o.<br \/>\nAs fibras de prata destroem um amplo espectro de microrganismos associados \u00e0 coloniza\u00e7\u00e3o e infec\u00e7\u00e3o bacteriana de feridas.<\/p>\n","protected":false},"excerpt":{"rendered":"<p>&nbsp; CAD020 SILVERCEL ANTIMCR ALG 10X20 cm CX C\/ 05 UN. Compressa esteril, n\u00e3o-tecido, composta de alginato de alta resist\u00eancia, carboximetilcelulose (cmc) e fibras de nylon revestidas de prata. Cont\u00e9m prata elementer ( 8%) como formula de libera\u00e7\u00e3o continua. Os curativos SILVERCEL\u2122 t\u00eam uma constitui\u00e7\u00e3o \u00fanica que cria um ambiente h\u00famido ideal para a cicatriza\u00e7\u00e3o. [&hellip;]<\/p>\n","protected":false},"featured_media":353,"template":"","meta":[],"product_cat":[28],"product_tag":[],"class_list":{"0":"post-352","1":"product","2":"type-product","3":"status-publish","4":"has-post-thumbnail","6":"product_cat-curativos-especiais","8":"first","9":"instock","10":"sale","11":"taxable","12":"shipping-taxable","13":"purchasable","14":"product-type-simple"},"_links":{"self":[{"href":"https:\/\/www.fagmed.com.br\/loja\/index.php?rest_route=\/wp\/v2\/product\/352","targetHints":{"allow":["GET"]}}],"collection":[{"href":"https:\/\/www.fagmed.com.br\/loja\/index.php?rest_route=\/wp\/v2\/product"}],"about":[{"href":"https:\/\/www.fagmed.com.br\/loja\/index.php?rest_route=\/wp\/v2\/types\/product"}],"wp:featuredmedia":[{"embeddable":true,"href":"https:\/\/www.fagmed.com.br\/loja\/index.php?rest_route=\/wp\/v2\/media\/353"}],"wp:attachment":[{"href":"https:\/\/www.fagmed.com.br\/loja\/index.php?rest_route=%2Fwp%2Fv2%2Fmedia&parent=352"}],"wp:term":[{"taxonomy":"product_cat","embeddable":true,"href":"https:\/\/www.fagmed.com.br\/loja\/index.php?rest_route=%2Fwp%2Fv2%2Fproduct_cat&post=352"},{"taxonomy":"product_tag","embeddable":true,"href":"https:\/\/www.fagmed.com.br\/loja\/index.php?rest_route=%2Fwp%2Fv2%2Fproduct_tag&post=352"}],"curies":[{"name":"wp","href":"https:\/\/api.w.org\/{rel}","templated":true}]}}