{"id":364,"date":"2020-05-15T22:15:55","date_gmt":"2020-05-16T01:15:55","guid":{"rendered":"https:\/\/www.fagmed.com.br\/loja\/?post_type=product&#038;p=364"},"modified":"2025-06-05T15:48:03","modified_gmt":"2025-06-05T18:48:03","slug":"fibracol-plus-cobertura-de-colageno-com-alginato-5x5cm","status":"publish","type":"product","link":"https:\/\/www.fagmed.com.br\/loja\/?product=fibracol-plus-cobertura-de-colageno-com-alginato-5x5cm","title":{"rendered":"FIBRACOL\u00ae PLUS Cobertura de Col\u00e1geno com Alginato 5x5cm caixa com 12 unidades REF. 2981"},"content":{"rendered":"<table border=\"1\" width=\"100%\" cellspacing=\"0\" cellpadding=\"0\">\n<tbody>\n<tr>\n<td valign=\"top\">\n<p align=\"center\">2981<\/p>\n<\/td>\n<td>\n<p align=\"center\">FIBRACOL PLUS<\/p>\n<\/td>\n<td>\n<p align=\"center\">5X5 cm<\/p>\n<\/td>\n<td>\n<p align=\"center\">CX C\/ 12 UN.<\/p>\n<\/td>\n<\/tr>\n<\/tbody>\n<\/table>\n<p>Fibracol Plus \u00e9 um curativo de col\u00e1geno (90%) com alginato (10%) que fornece um apoio estrutural para crescimento celular, favorecendo a condi\u00e7\u00e3o ideal de meio \u00famido.<br \/>\nEste curativo combina a resist\u00eancia e apoio estrutura do col\u00e1geno com as propriedades de forma\u00e7\u00e3o de gel do alginato. FIBRACOL PLUS \u00e9 um curativo est\u00e9ril prim\u00e1rio, macio, altamente absorvente e flex\u00edvel.<br \/>\n\u00c9 indicado para feridas tais como \u00falceras venosas, arteriais, diab\u00e9ticas, queimaduras de segundo grau e feridas traum\u00e1ticas.<br \/>\nEsterilizada por irradia\u00e7\u00e3o gama (Cobalto 60), mantendo-se est\u00e9ril por 2 anos desde que a embalagem n\u00e3o seja violada. Embalada individualmente.<\/p>\n","protected":false},"excerpt":{"rendered":"<p>2981 FIBRACOL PLUS 5X5 cm CX C\/ 12 UN. Fibracol Plus \u00e9 um curativo de col\u00e1geno (90%) com alginato (10%) que fornece um apoio estrutural para crescimento celular, favorecendo a condi\u00e7\u00e3o ideal de meio \u00famido. Este curativo combina a resist\u00eancia e apoio estrutura do col\u00e1geno com as propriedades de forma\u00e7\u00e3o de gel do alginato. FIBRACOL [&hellip;]<\/p>\n","protected":false},"featured_media":365,"template":"","meta":[],"product_cat":[28],"product_tag":[],"class_list":{"0":"post-364","1":"product","2":"type-product","3":"status-publish","4":"has-post-thumbnail","6":"product_cat-curativos-especiais","8":"first","9":"outofstock","10":"taxable","11":"shipping-taxable","12":"purchasable","13":"product-type-simple"},"_links":{"self":[{"href":"https:\/\/www.fagmed.com.br\/loja\/index.php?rest_route=\/wp\/v2\/product\/364","targetHints":{"allow":["GET"]}}],"collection":[{"href":"https:\/\/www.fagmed.com.br\/loja\/index.php?rest_route=\/wp\/v2\/product"}],"about":[{"href":"https:\/\/www.fagmed.com.br\/loja\/index.php?rest_route=\/wp\/v2\/types\/product"}],"wp:featuredmedia":[{"embeddable":true,"href":"https:\/\/www.fagmed.com.br\/loja\/index.php?rest_route=\/wp\/v2\/media\/365"}],"wp:attachment":[{"href":"https:\/\/www.fagmed.com.br\/loja\/index.php?rest_route=%2Fwp%2Fv2%2Fmedia&parent=364"}],"wp:term":[{"taxonomy":"product_cat","embeddable":true,"href":"https:\/\/www.fagmed.com.br\/loja\/index.php?rest_route=%2Fwp%2Fv2%2Fproduct_cat&post=364"},{"taxonomy":"product_tag","embeddable":true,"href":"https:\/\/www.fagmed.com.br\/loja\/index.php?rest_route=%2Fwp%2Fv2%2Fproduct_tag&post=364"}],"curies":[{"name":"wp","href":"https:\/\/api.w.org\/{rel}","templated":true}]}}