{"id":374,"date":"2020-05-16T08:46:59","date_gmt":"2020-05-16T11:46:59","guid":{"rendered":"https:\/\/www.fagmed.com.br\/loja\/?post_type=product&#038;p=374"},"modified":"2023-11-30T10:46:17","modified_gmt":"2023-11-30T13:46:17","slug":"aquasept-plus-antisseptico-topico-100ml","status":"publish","type":"product","link":"https:\/\/www.fagmed.com.br\/loja\/?product=aquasept-plus-antisseptico-topico-100ml","title":{"rendered":"AQUASEPT PLUS \u2013 ANTISS\u00c9PTICO T\u00d3PICO 100ml caixa com 01 unidade REF. AP100"},"content":{"rendered":"<p>F\u00d3RMULA COM POLIHEXANIDA E ALFA-BISABOLOL<br \/>\nLIVRE DE PARABENOS E CORANTES<\/p>\n<table border=\"1\" width=\"100%\" cellspacing=\"0\" cellpadding=\"0\">\n<tbody>\n<tr>\n<td>AQUASEPT<\/td>\n<td>AQUASEPT PLUS<\/td>\n<td>100ML<\/td>\n<td>Caixa com 01 unidade<\/td>\n<\/tr>\n<\/tbody>\n<\/table>\n<p>ACQUASEPT PLUS \u00e9 um antiss\u00e9ptico de uso t\u00f3pico formulado com polihexanida (PHMB) e alfa-bisabolol, eficazes no controle de agentes patog\u00eanicos e proporcional excelente prote\u00e7\u00e3o residual.<br \/>\nFormula\u00e7\u00e3o livre de parabenos e corantes, reduzindo os efeitos alerg\u00eanicos e rea\u00e7\u00f5es indesej\u00e1veis.<\/p>\n","protected":false},"excerpt":{"rendered":"<p>F\u00d3RMULA COM POLIHEXANIDA E ALFA-BISABOLOL LIVRE DE PARABENOS E CORANTES AQUASEPT AQUASEPT PLUS 100ML Caixa com 01 unidade ACQUASEPT PLUS \u00e9 um antiss\u00e9ptico de uso t\u00f3pico formulado com polihexanida (PHMB) e alfa-bisabolol, eficazes no controle de agentes patog\u00eanicos e proporcional excelente prote\u00e7\u00e3o residual. Formula\u00e7\u00e3o livre de parabenos e corantes, reduzindo os efeitos alerg\u00eanicos e rea\u00e7\u00f5es [&hellip;]<\/p>\n","protected":false},"featured_media":379,"template":"","meta":[],"product_cat":[29],"product_tag":[],"class_list":{"0":"post-374","1":"product","2":"type-product","3":"status-publish","4":"has-post-thumbnail","6":"product_cat-prevencao-e-cuidados","8":"first","9":"outofstock","10":"taxable","11":"shipping-taxable","12":"purchasable","13":"product-type-simple"},"_links":{"self":[{"href":"https:\/\/www.fagmed.com.br\/loja\/index.php?rest_route=\/wp\/v2\/product\/374","targetHints":{"allow":["GET"]}}],"collection":[{"href":"https:\/\/www.fagmed.com.br\/loja\/index.php?rest_route=\/wp\/v2\/product"}],"about":[{"href":"https:\/\/www.fagmed.com.br\/loja\/index.php?rest_route=\/wp\/v2\/types\/product"}],"wp:featuredmedia":[{"embeddable":true,"href":"https:\/\/www.fagmed.com.br\/loja\/index.php?rest_route=\/wp\/v2\/media\/379"}],"wp:attachment":[{"href":"https:\/\/www.fagmed.com.br\/loja\/index.php?rest_route=%2Fwp%2Fv2%2Fmedia&parent=374"}],"wp:term":[{"taxonomy":"product_cat","embeddable":true,"href":"https:\/\/www.fagmed.com.br\/loja\/index.php?rest_route=%2Fwp%2Fv2%2Fproduct_cat&post=374"},{"taxonomy":"product_tag","embeddable":true,"href":"https:\/\/www.fagmed.com.br\/loja\/index.php?rest_route=%2Fwp%2Fv2%2Fproduct_tag&post=374"}],"curies":[{"name":"wp","href":"https:\/\/api.w.org\/{rel}","templated":true}]}}