{"id":376,"date":"2020-05-16T08:50:43","date_gmt":"2020-05-16T11:50:43","guid":{"rendered":"https:\/\/www.fagmed.com.br\/loja\/?post_type=product&#038;p=376"},"modified":"2026-01-19T20:58:57","modified_gmt":"2026-01-19T23:58:57","slug":"aquasept-plus-antisseptico-topico-250ml","status":"publish","type":"product","link":"https:\/\/www.fagmed.com.br\/loja\/?product=aquasept-plus-antisseptico-topico-250ml","title":{"rendered":"AQUASEPT PLUS \u2013 ANTISS\u00c9PTICO T\u00d3PICO 250ml caixa com 01 unidade REF. AP250"},"content":{"rendered":"<p>F\u00d3RMULA COM POLIHEXANIDA E ALFA-BISABOLOL<br \/>\nLIVRE DE PARABENOS E CORANTES<\/p>\n<table border=\"1\" width=\"100%\" cellspacing=\"0\" cellpadding=\"0\">\n<tbody>\n<tr>\n<td>AQUASEPT<\/td>\n<td>AQUASEPT PLUS<\/td>\n<td>250ML<\/td>\n<td>Caixa com 01 unidade<\/td>\n<\/tr>\n<\/tbody>\n<\/table>\n<p>Pre\u00e7o: R$ 105,00<br \/>\nDimens\u00f5es: ALTURA &#8211; 23CM \/ LARGURA \u2013 7CM \/ COMPRIMENTO \u2013 7CM<br \/>\nPeso: 300 GRAMAS<\/p>\n<p>ACQUASEPT PLUS \u00e9 um antiss\u00e9ptico de uso t\u00f3pico formulado com polihexanida (PHMB) e alfa-bisabolol, eficazes no controle de agentes patog\u00eanicos e proporcional excelente prote\u00e7\u00e3o residual.<br \/>\nFormula\u00e7\u00e3o livre de parabenos e corantes, reduzindo os efeitos alerg\u00eanicos e rea\u00e7\u00f5es indesej\u00e1veis.<\/p>\n","protected":false},"excerpt":{"rendered":"<p>F\u00d3RMULA COM POLIHEXANIDA E ALFA-BISABOLOL LIVRE DE PARABENOS E CORANTES AQUASEPT AQUASEPT PLUS 250ML Caixa com 01 unidade Pre\u00e7o: R$ 105,00 Dimens\u00f5es: ALTURA &#8211; 23CM \/ LARGURA \u2013 7CM \/ COMPRIMENTO \u2013 7CM Peso: 300 GRAMAS ACQUASEPT PLUS \u00e9 um antiss\u00e9ptico de uso t\u00f3pico formulado com polihexanida (PHMB) e alfa-bisabolol, eficazes no controle de agentes [&hellip;]<\/p>\n","protected":false},"featured_media":377,"template":"","meta":[],"product_cat":[29],"product_tag":[],"class_list":{"0":"post-376","1":"product","2":"type-product","3":"status-publish","4":"has-post-thumbnail","6":"product_cat-prevencao-e-cuidados","8":"first","9":"outofstock","10":"sale","11":"taxable","12":"shipping-taxable","13":"purchasable","14":"product-type-simple"},"_links":{"self":[{"href":"https:\/\/www.fagmed.com.br\/loja\/index.php?rest_route=\/wp\/v2\/product\/376","targetHints":{"allow":["GET"]}}],"collection":[{"href":"https:\/\/www.fagmed.com.br\/loja\/index.php?rest_route=\/wp\/v2\/product"}],"about":[{"href":"https:\/\/www.fagmed.com.br\/loja\/index.php?rest_route=\/wp\/v2\/types\/product"}],"wp:featuredmedia":[{"embeddable":true,"href":"https:\/\/www.fagmed.com.br\/loja\/index.php?rest_route=\/wp\/v2\/media\/377"}],"wp:attachment":[{"href":"https:\/\/www.fagmed.com.br\/loja\/index.php?rest_route=%2Fwp%2Fv2%2Fmedia&parent=376"}],"wp:term":[{"taxonomy":"product_cat","embeddable":true,"href":"https:\/\/www.fagmed.com.br\/loja\/index.php?rest_route=%2Fwp%2Fv2%2Fproduct_cat&post=376"},{"taxonomy":"product_tag","embeddable":true,"href":"https:\/\/www.fagmed.com.br\/loja\/index.php?rest_route=%2Fwp%2Fv2%2Fproduct_tag&post=376"}],"curies":[{"name":"wp","href":"https:\/\/api.w.org\/{rel}","templated":true}]}}