{"id":384,"date":"2020-05-16T09:17:50","date_gmt":"2020-05-16T12:17:50","guid":{"rendered":"https:\/\/www.fagmed.com.br\/loja\/?post_type=product&#038;p=384"},"modified":"2026-01-19T20:58:31","modified_gmt":"2026-01-19T23:58:31","slug":"gigaderm-sabonete-antisseptico-dermatologico-1l","status":"publish","type":"product","link":"https:\/\/www.fagmed.com.br\/loja\/?product=gigaderm-sabonete-antisseptico-dermatologico-1l","title":{"rendered":"GIGADERM &#8211; SABONETE ANTISS\u00c9PTICO DERMATOL\u00d3GICO 1L caixa com 01 unidade REF. GD1000"},"content":{"rendered":"<p>F\u00d3RMULA COM POLIHEXANIDA (PHMB)<br \/>\nLIVRE DE PARABENOS E CORANTES<\/p>\n<table border=\"1\" width=\"100%\" cellspacing=\"0\" cellpadding=\"0\">\n<tbody>\n<tr>\n<td>GIGA<\/td>\n<td>GIGADERM<\/td>\n<td>1L<\/td>\n<td>Caixa com 01 unidade<\/td>\n<\/tr>\n<\/tbody>\n<\/table>\n<p>GIGADERM \u00e9 um sabonete antiss\u00e9ptico de uso cl\u00ednico ou residencial formulado com polihexanida (PHMB), um eficaz microbiocida utilizado no controle de ocorr\u00eancias cut\u00e2neas e com baixas rea\u00e7\u00f5es al\u00e9rgicas e irrita\u00e7\u00f5es.<\/p>\n<p>Indicado para assepsia t\u00f3pica em procedimentos dermatol\u00f3gicos e rotinas de higieniza\u00e7\u00e3o.<\/p>\n","protected":false},"excerpt":{"rendered":"<p>F\u00d3RMULA COM POLIHEXANIDA (PHMB) LIVRE DE PARABENOS E CORANTES GIGA GIGADERM 1L Caixa com 01 unidade GIGADERM \u00e9 um sabonete antiss\u00e9ptico de uso cl\u00ednico ou residencial formulado com polihexanida (PHMB), um eficaz microbiocida utilizado no controle de ocorr\u00eancias cut\u00e2neas e com baixas rea\u00e7\u00f5es al\u00e9rgicas e irrita\u00e7\u00f5es. Indicado para assepsia t\u00f3pica em procedimentos dermatol\u00f3gicos e rotinas [&hellip;]<\/p>\n","protected":false},"featured_media":385,"template":"","meta":[],"product_cat":[29],"product_tag":[],"class_list":{"0":"post-384","1":"product","2":"type-product","3":"status-publish","4":"has-post-thumbnail","6":"product_cat-prevencao-e-cuidados","8":"first","9":"outofstock","10":"sale","11":"taxable","12":"shipping-taxable","13":"purchasable","14":"product-type-simple"},"_links":{"self":[{"href":"https:\/\/www.fagmed.com.br\/loja\/index.php?rest_route=\/wp\/v2\/product\/384","targetHints":{"allow":["GET"]}}],"collection":[{"href":"https:\/\/www.fagmed.com.br\/loja\/index.php?rest_route=\/wp\/v2\/product"}],"about":[{"href":"https:\/\/www.fagmed.com.br\/loja\/index.php?rest_route=\/wp\/v2\/types\/product"}],"wp:featuredmedia":[{"embeddable":true,"href":"https:\/\/www.fagmed.com.br\/loja\/index.php?rest_route=\/wp\/v2\/media\/385"}],"wp:attachment":[{"href":"https:\/\/www.fagmed.com.br\/loja\/index.php?rest_route=%2Fwp%2Fv2%2Fmedia&parent=384"}],"wp:term":[{"taxonomy":"product_cat","embeddable":true,"href":"https:\/\/www.fagmed.com.br\/loja\/index.php?rest_route=%2Fwp%2Fv2%2Fproduct_cat&post=384"},{"taxonomy":"product_tag","embeddable":true,"href":"https:\/\/www.fagmed.com.br\/loja\/index.php?rest_route=%2Fwp%2Fv2%2Fproduct_tag&post=384"}],"curies":[{"name":"wp","href":"https:\/\/api.w.org\/{rel}","templated":true}]}}