{"id":388,"date":"2020-05-16T09:23:52","date_gmt":"2020-05-16T12:23:52","guid":{"rendered":"https:\/\/www.fagmed.com.br\/loja\/?post_type=product&#038;p=388"},"modified":"2024-01-09T07:35:36","modified_gmt":"2024-01-09T10:35:36","slug":"spray-de-barreira-protetor-cutaneo-28ml","status":"publish","type":"product","link":"https:\/\/www.fagmed.com.br\/loja\/?product=spray-de-barreira-protetor-cutaneo-28ml","title":{"rendered":"Spray de Barreira Protetor Cut\u00e2neo 28ml caixa com 01 unidade REF. SVL28ML"},"content":{"rendered":"<p>Cadastro ANVISA: 80074780003<\/p>\n<table border=\"1\" width=\"100%\" cellspacing=\"0\" cellpadding=\"0\">\n<tbody>\n<tr>\n<td>VUELO SPRAY<\/td>\n<td>SPRAY DE BARREIRA<\/td>\n<td>28ML<\/td>\n<td>Caixa com 01 unidade<\/td>\n<\/tr>\n<\/tbody>\n<\/table>\n<p>Protetor Cut\u00e2neo VUELO \u00e9 uma solu\u00e7\u00e3o polim\u00e9rica l\u00edquida de secagem r\u00e1pida, incolor, n\u00e3o gordurosa, resistente \u00e0 \u00e1gua e sem \u00e1lcool que forma uma pel\u00edcula protetora e uniforme quando aplicado na pele, sem provocar irrita\u00e7\u00f5es com o objetivo de melhorar a qualidade de vida dos estomizados. Dessa forma protege-a por at\u00e9 72 horas de les\u00f5es decorrentes de incontin\u00eancias urin\u00e1rias e\/ou fecais, sucos digestivos (estomias), fric\u00e7\u00e3o e adesivos. O Protetor Cut\u00e2neo VUELO pode ser aplicado na pele saud\u00e1vel, irritada ou lesionada, sem causar ard\u00eancia ou desconforto. Dermatologicamente testado.<br clear=\"all\" \/><br \/>\nINDICA\u00c7\u00d5ES DE USO:<br \/>\nProte\u00e7\u00e3o da pele ao redor de estomias, f\u00edstulas e feridas drenantes; les\u00f5es de pele decorrentes de incontin\u00eancias urin\u00e1rias e\/ou fecais, sucos digestivos (estomias), fric\u00e7\u00e3o; processos al\u00e9rgicos a adesivos (fitas); peri-estomas; ao redor de c\u00e2nulas de entuba\u00e7\u00e3o, traqueostomias, gastrostomias; dermatite e irrita\u00e7\u00e3o de pele; cisalhamento e agress\u00f5es de adesivos devido trocas constantes de curativos e\/ou bolsas.<\/p>\n<p>INSTRU\u00c7\u00d5ES DE USO:<br \/>\nA pele deve estar limpa e seca antes da aplica\u00e7\u00e3o do Protetor Cut\u00e2neo VUELO. Mantenha o aplicador a uma dist\u00e2ncia de 10 a 15 cm da pele e pulverize uma camada lisa e uniforme de pel\u00edcula na regi\u00e3o que requer prote\u00e7\u00e3o. Deixe secar completamente. Se uma segunda camada for necess\u00e1ria, deixe a primeira secar antes da reaplica\u00e7\u00e3o. \u00c9 indicada a aplica\u00e7\u00e3o do Protetor Cut\u00e2neo VUELO a cada 72 horas. N\u00e3o \u00e9 necess\u00e1rio remover a pel\u00edcula existente antes da reaplica\u00e7\u00e3o. Nos casos de incontin\u00eancia urin\u00e1ria e\/ou fecal ou casos em que houver a necessidade de limpezas frequentes, a reaplica\u00e7\u00e3o \u00e9 indicada a cada 24 horas ou quando se fizer necess\u00e1rio. Para prote\u00e7\u00e3o sob adesivos, reaplique a cada troca de fitas adesivas ou curativos. Caso deseje, a pel\u00edcula poder\u00e1 ser removida com um solvente de adesivos de uso hospitalar, de acordo com as instru\u00e7\u00f5es de uso do solvente, evitando a fric\u00e7\u00e3o da pele para n\u00e3o causar les\u00f5es.<\/p>\n","protected":false},"excerpt":{"rendered":"<p>Cadastro ANVISA: 80074780003 VUELO SPRAY SPRAY DE BARREIRA 28ML Caixa com 01 unidade Protetor Cut\u00e2neo VUELO \u00e9 uma solu\u00e7\u00e3o polim\u00e9rica l\u00edquida de secagem r\u00e1pida, incolor, n\u00e3o gordurosa, resistente \u00e0 \u00e1gua e sem \u00e1lcool que forma uma pel\u00edcula protetora e uniforme quando aplicado na pele, sem provocar irrita\u00e7\u00f5es com o objetivo de melhorar a qualidade de [&hellip;]<\/p>\n","protected":false},"featured_media":389,"template":"","meta":[],"product_cat":[29],"product_tag":[],"class_list":{"0":"post-388","1":"product","2":"type-product","3":"status-publish","4":"has-post-thumbnail","6":"product_cat-prevencao-e-cuidados","8":"first","9":"instock","10":"sale","11":"taxable","12":"shipping-taxable","13":"purchasable","14":"product-type-simple"},"_links":{"self":[{"href":"https:\/\/www.fagmed.com.br\/loja\/index.php?rest_route=\/wp\/v2\/product\/388","targetHints":{"allow":["GET"]}}],"collection":[{"href":"https:\/\/www.fagmed.com.br\/loja\/index.php?rest_route=\/wp\/v2\/product"}],"about":[{"href":"https:\/\/www.fagmed.com.br\/loja\/index.php?rest_route=\/wp\/v2\/types\/product"}],"wp:featuredmedia":[{"embeddable":true,"href":"https:\/\/www.fagmed.com.br\/loja\/index.php?rest_route=\/wp\/v2\/media\/389"}],"wp:attachment":[{"href":"https:\/\/www.fagmed.com.br\/loja\/index.php?rest_route=%2Fwp%2Fv2%2Fmedia&parent=388"}],"wp:term":[{"taxonomy":"product_cat","embeddable":true,"href":"https:\/\/www.fagmed.com.br\/loja\/index.php?rest_route=%2Fwp%2Fv2%2Fproduct_cat&post=388"},{"taxonomy":"product_tag","embeddable":true,"href":"https:\/\/www.fagmed.com.br\/loja\/index.php?rest_route=%2Fwp%2Fv2%2Fproduct_tag&post=388"}],"curies":[{"name":"wp","href":"https:\/\/api.w.org\/{rel}","templated":true}]}}