{"id":392,"date":"2020-05-16T09:28:54","date_gmt":"2020-05-16T12:28:54","guid":{"rendered":"https:\/\/www.fagmed.com.br\/loja\/?post_type=product&#038;p=392"},"modified":"2024-03-09T12:33:31","modified_gmt":"2024-03-09T15:33:31","slug":"curativo-filme-transparente-rolo-15cmx10mt","status":"publish","type":"product","link":"https:\/\/www.fagmed.com.br\/loja\/?product=curativo-filme-transparente-rolo-15cmx10mt","title":{"rendered":"Curativo filme transparente rolo 15cmx10mt caixa com 01 unidade REF. COPER1510"},"content":{"rendered":"<p>&nbsp;<\/p>\n<table border=\"1\" width=\"100%\" cellspacing=\"0\" cellpadding=\"0\">\n<tbody>\n<tr>\n<td>COPERTINA<\/td>\n<td>FILME TRANSPARENTE ROLO<\/td>\n<td>15CMX10MT<\/td>\n<td>Caixa com 01 unidade<\/td>\n<\/tr>\n<\/tbody>\n<\/table>\n<p>Finalidade:<br \/>\nUtilizado para prote\u00e7\u00e3o de feridas e queimaduras na pele, preven\u00e7\u00e3o de inj\u00farias de pele causadas por atrito ou exposi\u00e7\u00e3o cont\u00ednua \u00e0 umidade, prote\u00e7\u00e3o ocular durante procedimentos cir\u00fargicos e sobre feridas cir\u00fargicas limpas e fechadas.<\/p>\n<p>Caracter\u00edsticas:<\/p>\n<ul>\n<li>Imperme\u00e1vel a l\u00edquidos e bact\u00e9rias.<\/li>\n<li>Perme\u00e1vel a gases.<\/li>\n<li>Permite visualiza\u00e7\u00e3o da pele por baixo do curativo.<\/li>\n<li>Produto de uso \u00fanico. Descartar ap\u00f3s o uso.<\/li>\n<li>Notifica\u00e7\u00e3o ANVISA.<\/li>\n<\/ul>\n","protected":false},"excerpt":{"rendered":"<p>&nbsp; COPERTINA FILME TRANSPARENTE ROLO 15CMX10MT Caixa com 01 unidade Finalidade: Utilizado para prote\u00e7\u00e3o de feridas e queimaduras na pele, preven\u00e7\u00e3o de inj\u00farias de pele causadas por atrito ou exposi\u00e7\u00e3o cont\u00ednua \u00e0 umidade, prote\u00e7\u00e3o ocular durante procedimentos cir\u00fargicos e sobre feridas cir\u00fargicas limpas e fechadas. Caracter\u00edsticas: Imperme\u00e1vel a l\u00edquidos e bact\u00e9rias. Perme\u00e1vel a gases. Permite [&hellip;]<\/p>\n","protected":false},"featured_media":393,"template":"","meta":[],"product_cat":[29],"product_tag":[],"class_list":{"0":"post-392","1":"product","2":"type-product","3":"status-publish","4":"has-post-thumbnail","6":"product_cat-prevencao-e-cuidados","8":"first","9":"instock","10":"taxable","11":"shipping-taxable","12":"purchasable","13":"product-type-simple"},"_links":{"self":[{"href":"https:\/\/www.fagmed.com.br\/loja\/index.php?rest_route=\/wp\/v2\/product\/392","targetHints":{"allow":["GET"]}}],"collection":[{"href":"https:\/\/www.fagmed.com.br\/loja\/index.php?rest_route=\/wp\/v2\/product"}],"about":[{"href":"https:\/\/www.fagmed.com.br\/loja\/index.php?rest_route=\/wp\/v2\/types\/product"}],"wp:featuredmedia":[{"embeddable":true,"href":"https:\/\/www.fagmed.com.br\/loja\/index.php?rest_route=\/wp\/v2\/media\/393"}],"wp:attachment":[{"href":"https:\/\/www.fagmed.com.br\/loja\/index.php?rest_route=%2Fwp%2Fv2%2Fmedia&parent=392"}],"wp:term":[{"taxonomy":"product_cat","embeddable":true,"href":"https:\/\/www.fagmed.com.br\/loja\/index.php?rest_route=%2Fwp%2Fv2%2Fproduct_cat&post=392"},{"taxonomy":"product_tag","embeddable":true,"href":"https:\/\/www.fagmed.com.br\/loja\/index.php?rest_route=%2Fwp%2Fv2%2Fproduct_tag&post=392"}],"curies":[{"name":"wp","href":"https:\/\/api.w.org\/{rel}","templated":true}]}}