{"id":422,"date":"2020-05-16T15:39:18","date_gmt":"2020-05-16T18:39:18","guid":{"rendered":"https:\/\/www.fagmed.com.br\/loja\/?post_type=product&#038;p=422"},"modified":"2020-12-12T20:51:32","modified_gmt":"2020-12-12T23:51:32","slug":"sistena-de-gerenciamento-de-incisoes-prevena-13cm","status":"publish","type":"product","link":"https:\/\/www.fagmed.com.br\/loja\/?product=sistena-de-gerenciamento-de-incisoes-prevena-13cm","title":{"rendered":"SISTENA DE GERENCIAMENTO DE INCIS\u00d5ES \u2013 PREVENA 13CM REF. PRE1101BR"},"content":{"rendered":"<p><strong>PREVENA\u2122<\/strong> \u00e9 um sistema inteligente e inovador para gerenciamento de incis\u00e3o. Protege e gerencia ativamente incis\u00f5es fechadas cirurgicamente.<br \/>\nO sistema de gerenciamento de incis\u00f5es PREVENA \u2122 protege a incis\u00e3o contra contamina\u00e7\u00e3o externa, ajuda a manter as bordas da incis\u00e3o juntas, remove materiais de fluidos e infec\u00e7\u00f5es, fornece press\u00e3o negativa cont\u00ednua a -125 mmHg por at\u00e9 sete dias.<br \/>\nRecursos do sistema de gerenciamento de incis\u00f5es PREVENA \u2122:<\/p>\n<ul type=\"disc\">\n<li>Uso individual;<\/li>\n<li>Leve e port\u00e1til;<\/li>\n<li>Opera\u00e7\u00e3o com um toque para press\u00e3o negativa cont\u00ednua -125mmHg at\u00e9 7 dias;<\/li>\n<li>V\u00e1rias op\u00e7\u00f5es de curativos para incis\u00f5es lineares, n\u00e3o lineares e m\u00faltiplas;<\/li>\n<li>Vasilha substitu\u00edvel;<\/li>\n<li>Alarmes sonoros e visuais.<\/li>\n<\/ul>\n<p>Agora do mesmo jeito simples que se inicia uma incis\u00e3o ela tamb\u00e9m poder\u00e1 ser facilmente finalizada.<br \/>\n50% menos Deisc\u00eancias e infec\u00e7\u00f5es em cirurgias por trauma ortop\u00e9dico<\/p>\n<ul type=\"disc\">\n<li>Linha de sutura tem uma aproxima\u00e7\u00e3o 51% mais forte<\/li>\n<\/ul>\n<p>PREVENA\u2122 \u00e9 o sistema de gerenciamento de incis\u00e3o com o maior n\u00famero de evid\u00eancias cl\u00ednicas publicadas.<\/p>\n","protected":false},"excerpt":{"rendered":"<p>PREVENA\u2122 \u00e9 um sistema inteligente e inovador para gerenciamento de incis\u00e3o. Protege e gerencia ativamente incis\u00f5es fechadas cirurgicamente. O sistema de gerenciamento de incis\u00f5es PREVENA \u2122 protege a incis\u00e3o contra contamina\u00e7\u00e3o externa, ajuda a manter as bordas da incis\u00e3o juntas, remove materiais de fluidos e infec\u00e7\u00f5es, fornece press\u00e3o negativa cont\u00ednua a -125 mmHg por at\u00e9 [&hellip;]<\/p>\n","protected":false},"featured_media":423,"template":"","meta":[],"product_cat":[33],"product_tag":[],"class_list":{"0":"post-422","1":"product","2":"type-product","3":"status-publish","4":"has-post-thumbnail","6":"product_cat-insumos-pressao-negativa","8":"first","9":"instock","10":"taxable","11":"shipping-taxable","12":"purchasable","13":"product-type-simple"},"_links":{"self":[{"href":"https:\/\/www.fagmed.com.br\/loja\/index.php?rest_route=\/wp\/v2\/product\/422","targetHints":{"allow":["GET"]}}],"collection":[{"href":"https:\/\/www.fagmed.com.br\/loja\/index.php?rest_route=\/wp\/v2\/product"}],"about":[{"href":"https:\/\/www.fagmed.com.br\/loja\/index.php?rest_route=\/wp\/v2\/types\/product"}],"wp:featuredmedia":[{"embeddable":true,"href":"https:\/\/www.fagmed.com.br\/loja\/index.php?rest_route=\/wp\/v2\/media\/423"}],"wp:attachment":[{"href":"https:\/\/www.fagmed.com.br\/loja\/index.php?rest_route=%2Fwp%2Fv2%2Fmedia&parent=422"}],"wp:term":[{"taxonomy":"product_cat","embeddable":true,"href":"https:\/\/www.fagmed.com.br\/loja\/index.php?rest_route=%2Fwp%2Fv2%2Fproduct_cat&post=422"},{"taxonomy":"product_tag","embeddable":true,"href":"https:\/\/www.fagmed.com.br\/loja\/index.php?rest_route=%2Fwp%2Fv2%2Fproduct_tag&post=422"}],"curies":[{"name":"wp","href":"https:\/\/api.w.org\/{rel}","templated":true}]}}