{"id":447,"date":"2020-05-16T16:13:40","date_gmt":"2020-05-16T19:13:40","guid":{"rendered":"https:\/\/www.fagmed.com.br\/loja\/?post_type=product&#038;p=447"},"modified":"2020-05-22T16:09:36","modified_gmt":"2020-05-22T19:09:36","slug":"alca-de-terapia-snap-53cm-medio","status":"publish","type":"product","link":"https:\/\/www.fagmed.com.br\/loja\/?product=alca-de-terapia-snap-53cm-medio","title":{"rendered":"AL\u00c7A DE TERAPIA SNAP 53CM M\u00c9DIO &#8211; REF. STPAM"},"content":{"rendered":"<p>Al\u00e7a macia que permite que o dispositivo seja colocado de forma conveniente e discreta sob as roupas<\/p>\n<table width=\"100%\" border=\"1\" cellpadding=\"0\" cellspacing=\"0\">\n<tr>\n<td>\n<p>STPAM<\/p>\n<\/td>\n<td>\n<p>AL\u00c7A DE TERAPIA SNAP 53CM <\/p>\n<\/td>\n<td>\n<p>M\u00c9DIO<\/p>\n<\/td>\n<td>\n<p>UNIDADE<\/p>\n<\/td>\n<\/tr>\n<\/table>\n","protected":false},"excerpt":{"rendered":"<p>Al\u00e7a macia que permite que o dispositivo seja colocado de forma conveniente e discreta sob as roupas STPAM AL\u00c7A DE TERAPIA SNAP 53CM M\u00c9DIO UNIDADE<\/p>\n","protected":false},"featured_media":448,"template":"","meta":[],"product_cat":[33],"product_tag":[],"class_list":{"0":"post-447","1":"product","2":"type-product","3":"status-publish","4":"has-post-thumbnail","6":"product_cat-insumos-pressao-negativa","8":"first","9":"instock","10":"taxable","11":"shipping-taxable","12":"purchasable","13":"product-type-simple"},"_links":{"self":[{"href":"https:\/\/www.fagmed.com.br\/loja\/index.php?rest_route=\/wp\/v2\/product\/447","targetHints":{"allow":["GET"]}}],"collection":[{"href":"https:\/\/www.fagmed.com.br\/loja\/index.php?rest_route=\/wp\/v2\/product"}],"about":[{"href":"https:\/\/www.fagmed.com.br\/loja\/index.php?rest_route=\/wp\/v2\/types\/product"}],"wp:featuredmedia":[{"embeddable":true,"href":"https:\/\/www.fagmed.com.br\/loja\/index.php?rest_route=\/wp\/v2\/media\/448"}],"wp:attachment":[{"href":"https:\/\/www.fagmed.com.br\/loja\/index.php?rest_route=%2Fwp%2Fv2%2Fmedia&parent=447"}],"wp:term":[{"taxonomy":"product_cat","embeddable":true,"href":"https:\/\/www.fagmed.com.br\/loja\/index.php?rest_route=%2Fwp%2Fv2%2Fproduct_cat&post=447"},{"taxonomy":"product_tag","embeddable":true,"href":"https:\/\/www.fagmed.com.br\/loja\/index.php?rest_route=%2Fwp%2Fv2%2Fproduct_tag&post=447"}],"curies":[{"name":"wp","href":"https:\/\/api.w.org\/{rel}","templated":true}]}}