{"id":457,"date":"2020-05-20T21:03:30","date_gmt":"2020-05-21T00:03:30","guid":{"rendered":"https:\/\/www.fagmed.com.br\/loja\/?post_type=product&#038;p=457"},"modified":"2022-08-19T09:16:54","modified_gmt":"2022-08-19T12:16:54","slug":"cartucho-de-terapia-snap-125mmhg-60ml-ref-snap125","status":"publish","type":"product","link":"https:\/\/www.fagmed.com.br\/loja\/?product=cartucho-de-terapia-snap-125mmhg-60ml-ref-snap125","title":{"rendered":"CARTUCHO DE TERAPIA SNAP 125mmHg 60ml &#8211; REF. SNAP125"},"content":{"rendered":"<p>Tecnologia Silenciosa -125mmHg<br \/>\nSeu design inovador cria uma terapia poderosa sem energia el\u00e9trica.<\/p>\n<p>Caracter\u00edsticas Amig\u00e1veis ao Paciente<\/p>\n<p>\u2022 Design pequeno, leve e silencioso que pode ser escondido<br \/>\nsob as roupas<br \/>\n\u2022 Sem baterias que interferem na vida cotidiana<br \/>\n\u2022 Indicador visual que exibe quando o cartucho est\u00e1 cheio<\/p>\n<p>Design Inovador<\/p>\n<p>\u2022 Mecanismo pr\u00f3prio de mola que gera n\u00edveis de press\u00e3oconsistentes e equilibrados*<br \/>\n\u2022 Tecnologia BIOLOCK\u2122 para conten\u00e7\u00e3o do exsudato<br \/>\n\u2022 Ajuste de press\u00e3o de &#8211; 125mmHg<\/p>\n","protected":false},"excerpt":{"rendered":"<p>Tecnologia Silenciosa -125mmHg Seu design inovador cria uma terapia poderosa sem energia el\u00e9trica. Caracter\u00edsticas Amig\u00e1veis ao Paciente \u2022 Design pequeno, leve e silencioso que pode ser escondido sob as roupas \u2022 Sem baterias que interferem na vida cotidiana \u2022 Indicador visual que exibe quando o cartucho est\u00e1 cheio Design Inovador \u2022 Mecanismo pr\u00f3prio de mola [&hellip;]<\/p>\n","protected":false},"featured_media":458,"template":"","meta":[],"product_cat":[33],"product_tag":[],"class_list":{"0":"post-457","1":"product","2":"type-product","3":"status-publish","4":"has-post-thumbnail","6":"product_cat-insumos-pressao-negativa","8":"first","9":"instock","10":"sale","11":"taxable","12":"shipping-taxable","13":"purchasable","14":"product-type-simple"},"_links":{"self":[{"href":"https:\/\/www.fagmed.com.br\/loja\/index.php?rest_route=\/wp\/v2\/product\/457","targetHints":{"allow":["GET"]}}],"collection":[{"href":"https:\/\/www.fagmed.com.br\/loja\/index.php?rest_route=\/wp\/v2\/product"}],"about":[{"href":"https:\/\/www.fagmed.com.br\/loja\/index.php?rest_route=\/wp\/v2\/types\/product"}],"wp:featuredmedia":[{"embeddable":true,"href":"https:\/\/www.fagmed.com.br\/loja\/index.php?rest_route=\/wp\/v2\/media\/458"}],"wp:attachment":[{"href":"https:\/\/www.fagmed.com.br\/loja\/index.php?rest_route=%2Fwp%2Fv2%2Fmedia&parent=457"}],"wp:term":[{"taxonomy":"product_cat","embeddable":true,"href":"https:\/\/www.fagmed.com.br\/loja\/index.php?rest_route=%2Fwp%2Fv2%2Fproduct_cat&post=457"},{"taxonomy":"product_tag","embeddable":true,"href":"https:\/\/www.fagmed.com.br\/loja\/index.php?rest_route=%2Fwp%2Fv2%2Fproduct_tag&post=457"}],"curies":[{"name":"wp","href":"https:\/\/api.w.org\/{rel}","templated":true}]}}