{"id":520,"date":"2021-08-26T10:46:07","date_gmt":"2021-08-26T13:46:07","guid":{"rendered":"https:\/\/www.fagmed.com.br\/loja\/?post_type=product&#038;p=520"},"modified":"2025-02-08T09:12:04","modified_gmt":"2025-02-08T12:12:04","slug":"debrigel-alg-ca-hidrogel-com-alginato-85g","status":"publish","type":"product","link":"https:\/\/www.fagmed.com.br\/loja\/?product=debrigel-alg-ca-hidrogel-com-alginato-85g","title":{"rendered":"Debrigel Alg Ca &#8211; HIDROGEL COM ALGINATO 85G"},"content":{"rendered":"<p>Hidrogel composto de carboximetilcelulose, alginato de c\u00e1lcio e s\u00f3dio. Indicado para feridas exsudativas (com secre\u00e7\u00f5es). <strong>Indicado para feridas exsudativas (com secre\u00e7\u00f5es).<\/strong><\/p>\n<div class=\"fusion-li-item-content\">\n<p>Indicado para feridas exsudativas (com secre\u00e7\u00f5es);<\/p>\n<p>&nbsp;<\/p>\n<div class=\"fusion-li-item-content\">\n<p>Hidrata o leito;<\/p>\n<\/div>\n<p>&nbsp;<\/p>\n<div class=\"fusion-li-item-content\">\n<p>Auxilia no desbridamento;<\/p>\n<\/div>\n<p>&nbsp;<\/p>\n<div class=\"fusion-li-item-content\">\n<p>Excelente na manuten\u00e7\u00e3o da umidade;<\/p>\n<\/div>\n<p>&nbsp;<\/p>\n<div class=\"fusion-li-item-content\">\n<p>Com adi\u00e7\u00e3o de Alginato.<\/p>\n<p><strong data-fusion-font=\"true\">DESCRI\u00c7\u00c3O DO PRODUTO :<\/strong><span data-fusion-font=\"true\"><br \/>\nDEBRIGEL ALG Ca \u2013 Hidrogel com Alginato \u00e9 um gel hidratante, composto de hidrocol\u00f3ides (Carboximetilcelulose e Carb\u00f4mero) e Alginato de S\u00f3dio e C\u00e1lcio num excipiente aquoso, transparente e viscoso. Ao mesmo tempo em que hidrata as feridas secas, tamb\u00e9m apresenta a capacidade de absorver o exsudato da ferida criando um ambiente \u00famido que favorece o processo natural de aut\u00f3lise para o desbridamento do tecido desvitalizado ou necrosado, permitindo a retirada n\u00e3o traum\u00e1tica do curativo, sem danificar os tecidos rec\u00e9m formados.<\/span><\/p>\n<p><strong data-fusion-font=\"true\">COMPOSI\u00c7\u00c3O:<\/strong><span data-fusion-font=\"true\"><br \/>\nAlginato de S\u00f3dio e C\u00e1lcio, Carboximetil Celulose S\u00f3dica, Carb\u00f4mero, Propilenoglicol, Hidroxipropilparabeno, Hidroximetilparabeno, Imidazolidynil urea, Aminometilpropanol, \u00c1gua Purificada.<\/span><\/p>\n<p><strong data-fusion-font=\"true\">INDICA\u00c7\u00c3O:<\/strong><span data-fusion-font=\"true\"><br \/>\nDEBRIGEL ALG Ca \u2013 Hidrogel com Alginato \u00e9 indicado no desbridamento, absor\u00e7\u00e3o de exsudato e tratamento de les\u00f5es cr\u00f4nicas e agudas como \u00falceras por press\u00e3o, \u00falceras de pernas de estase venosa, p\u00e9 diab\u00e9tico, queimadura de 1\u00ba e 2\u00ba grau, cortes, abras\u00f5es e lacera\u00e7\u00f5es.<\/span><\/p>\n<p><strong data-fusion-font=\"true\">MODO DE USAR:<\/strong><span data-fusion-font=\"true\"><br \/>\nPRODUTO DE USO T\u00d3PICO<br \/>\nLIMPEZA DO FERIMENTO:<br \/>\n\u2013 Calce luvas de procedimento e descarte-as ao t\u00e9rmino do curativo,<br \/>\n\u2013 Perfure um frasco de solu\u00e7\u00e3o fisiol\u00f3gica 0,9% est\u00e9ril (SF) com agulha 40\u00d712 pr\u00f3ximo do gargalo a fim de conseguir que a solu\u00e7\u00e3o seja aplicada sob press\u00e3o (aproximadamente 15 psi), incline o frasco a um \u00e2ngulo 45-90\u00ba.<br \/>\n\u2013 Pressione o frasco e direcione o jato para ferida.<br \/>\n\u2013 Lave a ferida abundantemente com esta solu\u00e7\u00e3o (SF),<br \/>\n\u2013 Seque as bordas com uma gaze limpa.<br \/>\n\u2013 Mantenha o leito da ferida umedecido.<\/span><\/p>\n<p><strong data-fusion-font=\"true\">IMPORTANTE:<\/strong><span data-fusion-font=\"true\"><br \/>\nN\u00e3o friccione a les\u00e3o, evite for\u00e7a mec\u00e2nica, irriga\u00e7\u00e3o puls\u00e1til na higieniza\u00e7\u00e3o das feridas, pois as mesmas promover\u00e3o a retirada n\u00e3o s\u00f3 da coloniza\u00e7\u00e3o como tamb\u00e9m das c\u00e9lulas de granula\u00e7\u00e3o rec\u00e9m formadas. No caso de feridas traum\u00e1ticas, lave o ferimento inicialmente com \u00e1gua e sab\u00e3o para<br \/>\nremover a sujidade.<\/span><\/p>\n<p><strong data-fusion-font=\"true\">APLICA\u00c7\u00c3O DO PRODUTO:<\/strong><span data-fusion-font=\"true\"><br \/>\nAplique DEBRIGEL ALG Ca \u2013 Hidrogel com Alginato diretamente dentro da ferida previamente limpa. N\u00e3o exceda o n\u00edvel da pele ao redor da ferida a fim de n\u00e3o macerar as bordas.<\/span><\/p>\n<p><strong data-fusion-font=\"true\">REMO\u00c7\u00c3O E OU TROCA DO CURATIVO:<\/strong><span data-fusion-font=\"true\"><br \/>\n\u2013 Calce luvas de procedimento e descarte-as ao t\u00e9rmino do curativo<br \/>\n\u2013 Umede\u00e7a o curativo com solu\u00e7\u00e3o fisiol\u00f3gica 0,9% est\u00e9ril (SF) morna antes de remov\u00ea-lo, exceto em<br \/>\nles\u00f5es hemorr\u00e1gicas ou queimaduras<br \/>\n\u2013 Remova o curativo,<br \/>\n\u2013 Promova a limpeza da ferida como descrito no item \u201cLimpeza do ferimento\u201d<br \/>\n\u2013 Troque o curativo a cada 24 horas ou no caso de feridas com grande exsudato sempre que o curativo<br \/>\nestiver encharcado.<br \/>\n\u2013 Oclua, se necess\u00e1rio, o curativo com gaze e fixe-o com faixas, evitando o uso de esparadrapo.<\/span><\/p>\n<p><strong data-fusion-font=\"true\">CONTRA INDICA\u00c7\u00d5ES:<br \/>\n<\/strong><span data-fusion-font=\"true\">N\u00e3o s\u00e3o conhecidos efeitos colaterais ou rea\u00e7\u00f5es adversas. No caso de hipersensibilidade a algum dos componentes da f\u00f3rmula, interrompa o uso e procure orienta\u00e7\u00e3o m\u00e9dica.<\/span><\/p>\n<p><strong data-fusion-font=\"true\">PRECAU\u00c7\u00d5ES:<\/strong><span data-fusion-font=\"true\"><br \/>\nA coloniza\u00e7\u00e3o bacteriana em feridas cr\u00f4nicas \u00e9 um fen\u00f4meno comum e n\u00e3o constitui contra-indica\u00e7\u00e3o ao uso de DEBRIGEL ALG Ca. Se houver suspeita de infec\u00e7\u00e3o ou se esta se desenvolver durante o uso de DEBRIGEL ALG Ca deve-se instituir terap\u00eautica antibi\u00f3tica adequada, podendo continuar a utiliza\u00e7\u00e3o do produto, por\u00e9m a monitora\u00e7\u00e3o do processo de cicatriza\u00e7\u00e3o da ferida dever\u00e1 estar sobre supervis\u00e3o m\u00e9dica. N\u00e3o se recomenda o uso do curativo oclusivo na presen\u00e7a de infec\u00e7\u00f5es por anaer\u00f3bios.<br \/>\nDEBRIGEL ALG Ca ao promover ambiente \u00famido \u00e0 ferida favorece o desbridamento e a remo\u00e7\u00e3o do tecido necr\u00f3tico, como consequ\u00eancia, a ferida poder\u00e1 parecer maior ap\u00f3s a troca dos primeiros curativos.Calce luvas de procedimento e descarte-as ao t\u00e9rmino do curativo. N\u00e3o exceda o n\u00edvel da pele ao redor da ferida a fim de n\u00e3o macerar as bordas. N\u00e3o friccione a les\u00e3o, evite for\u00e7a mec\u00e2nica, irriga\u00e7\u00e3o puls\u00e1til na higieniza\u00e7\u00e3o das feridas, pois as mesmas promover\u00e3o a retirada n\u00e3o s\u00f3 da coloniza\u00e7\u00e3o como tamb\u00e9m das c\u00e9lulas de granula\u00e7\u00e3o rec\u00e9m formadas. N\u00e3o use medicamento com o<br \/>\nprazo de validade vencido. Antes de usar observe o aspecto do produto.<\/span><\/p>\n<p><strong data-fusion-font=\"true\">CUIDADOS DE CONSERVA\u00c7\u00c3O:<\/strong><span data-fusion-font=\"true\"><br \/>\nDeve ser mantido \u00e0 temperatura ambiente. Evitar refrigera\u00e7\u00e3o e exposi\u00e7\u00e3o \u00e0 umidade excessiva. N\u00e3o tocar a embalagem na ferida.<br \/>\nO produto possui sistema conservante que o mant\u00e9m em condi\u00e7\u00f5es de uso mesmo ap\u00f3s aberto.Se respeitados os cuidados de conserva\u00e7\u00e3o o produto pode ser utilizado durante todo o seu prazo de validade.<\/span><\/p>\n<\/div>\n<\/div>\n","protected":false},"excerpt":{"rendered":"<p>Hidrogel composto de carboximetilcelulose, alginato de c\u00e1lcio e s\u00f3dio. Indicado para feridas exsudativas (com secre\u00e7\u00f5es). Indicado para feridas exsudativas (com secre\u00e7\u00f5es). Indicado para feridas exsudativas (com secre\u00e7\u00f5es); &nbsp; Hidrata o leito; &nbsp; Auxilia no desbridamento; &nbsp; Excelente na manuten\u00e7\u00e3o da umidade; &nbsp; Com adi\u00e7\u00e3o de Alginato. DESCRI\u00c7\u00c3O DO PRODUTO : DEBRIGEL ALG Ca \u2013 Hidrogel [&hellip;]<\/p>\n","protected":false},"featured_media":521,"template":"","meta":[],"product_cat":[29],"product_tag":[],"class_list":{"0":"post-520","1":"product","2":"type-product","3":"status-publish","4":"has-post-thumbnail","6":"product_cat-prevencao-e-cuidados","8":"first","9":"outofstock","10":"sale","11":"taxable","12":"shipping-taxable","13":"purchasable","14":"product-type-simple"},"_links":{"self":[{"href":"https:\/\/www.fagmed.com.br\/loja\/index.php?rest_route=\/wp\/v2\/product\/520","targetHints":{"allow":["GET"]}}],"collection":[{"href":"https:\/\/www.fagmed.com.br\/loja\/index.php?rest_route=\/wp\/v2\/product"}],"about":[{"href":"https:\/\/www.fagmed.com.br\/loja\/index.php?rest_route=\/wp\/v2\/types\/product"}],"wp:featuredmedia":[{"embeddable":true,"href":"https:\/\/www.fagmed.com.br\/loja\/index.php?rest_route=\/wp\/v2\/media\/521"}],"wp:attachment":[{"href":"https:\/\/www.fagmed.com.br\/loja\/index.php?rest_route=%2Fwp%2Fv2%2Fmedia&parent=520"}],"wp:term":[{"taxonomy":"product_cat","embeddable":true,"href":"https:\/\/www.fagmed.com.br\/loja\/index.php?rest_route=%2Fwp%2Fv2%2Fproduct_cat&post=520"},{"taxonomy":"product_tag","embeddable":true,"href":"https:\/\/www.fagmed.com.br\/loja\/index.php?rest_route=%2Fwp%2Fv2%2Fproduct_tag&post=520"}],"curies":[{"name":"wp","href":"https:\/\/api.w.org\/{rel}","templated":true}]}}